{"id":36,"date":"2019-04-04T12:41:57","date_gmt":"2019-04-04T09:41:57","guid":{"rendered":"http:\/\/jamsahko.com\/?page_id=36"},"modified":"2024-12-05T15:19:02","modified_gmt":"2024-12-05T13:19:02","slug":"yhteystiedot","status":"publish","type":"page","link":"https:\/\/jamsahko.com\/?page_id=36","title":{"rendered":"Yhteystiedot"},"content":{"rendered":"<h2>SIVUN OTSIKKO<\/h2>\n<p><strong>J\u00e4ms\u00e4hk\u00f6<\/strong> &#8211; Juha J\u00e4ms\u00e4 t:mi<br \/>K\u00e4yr\u00e4torventie 1 F 18<br \/>90670 Oulu<\/p>\n<p>puh. 0400 860 679\u00a0\u00a0\u00a0\u00a0\u00a0\u00a0\u00a0\u00a0\u00a0\u00a0\u00a0\u00a0\u00a0\u00a0\u00a0\u00a0\u00a0\u00a0\u00a0\u00a0\u00a0<\/p>\n<p>e-mail: juha.jamsa@jamsahko.com<\/p>\n<p>\t\t\t<iframe loading=\"lazy\"\n\t\t\t\t\tsrc=\"https:\/\/maps.google.com\/maps?q=K%C3%A4yr%C3%A4torventie%201%20F%2018%2090670%20Oulu&#038;t=m&#038;z=15&#038;output=embed&#038;iwloc=near\"\n\t\t\t\t\ttitle=\"K\u00e4yr\u00e4torventie 1 F 18 90670 Oulu\"\n\t\t\t\t\taria-label=\"K\u00e4yr\u00e4torventie 1 F 18 90670 Oulu\"\n\t\t\t><\/iframe><\/p>\n<p>Web hosting Eagle Media<\/p>\n","protected":false},"excerpt":{"rendered":"<p>SIVUN OTSIKKO J\u00e4ms\u00e4hk\u00f6 &#8211; Juha J\u00e4ms\u00e4 t:miK\u00e4yr\u00e4torventie 1 F 1890670 Oulu puh. 0400 860 679\u00a0\u00a0\u00a0\u00a0\u00a0\u00a0\u00a0\u00a0\u00a0\u00a0\u00a0\u00a0\u00a0\u00a0\u00a0\u00a0\u00a0\u00a0\u00a0\u00a0\u00a0 e-mail: juha.jamsa@jamsahko.com Web hosting Eagle Media<\/p>\n","protected":false},"author":1,"featured_media":0,"parent":0,"menu_order":0,"comment_status":"closed","ping_status":"closed","template":"elementor_canvas","meta":{"footnotes":""},"class_list":["post-36","page","type-page","status-publish","hentry"],"_links":{"self":[{"href":"https:\/\/jamsahko.com\/index.php?rest_route=\/wp\/v2\/pages\/36","targetHints":{"allow":["GET"]}}],"collection":[{"href":"https:\/\/jamsahko.com\/index.php?rest_route=\/wp\/v2\/pages"}],"about":[{"href":"https:\/\/jamsahko.com\/index.php?rest_route=\/wp\/v2\/types\/page"}],"author":[{"embeddable":true,"href":"https:\/\/jamsahko.com\/index.php?rest_route=\/wp\/v2\/users\/1"}],"replies":[{"embeddable":true,"href":"https:\/\/jamsahko.com\/index.php?rest_route=%2Fwp%2Fv2%2Fcomments&post=36"}],"version-history":[{"count":17,"href":"https:\/\/jamsahko.com\/index.php?rest_route=\/wp\/v2\/pages\/36\/revisions"}],"predecessor-version":[{"id":102,"href":"https:\/\/jamsahko.com\/index.php?rest_route=\/wp\/v2\/pages\/36\/revisions\/102"}],"wp:attachment":[{"href":"https:\/\/jamsahko.com\/index.php?rest_route=%2Fwp%2Fv2%2Fmedia&parent=36"}],"curies":[{"name":"wp","href":"https:\/\/api.w.org\/{rel}","templated":true}]}}